{"id":187,"date":"2021-01-20T14:10:59","date_gmt":"2021-01-20T13:10:59","guid":{"rendered":"http:\/\/demo.td-schaefer.de\/?page_id=187"},"modified":"2023-01-30T17:31:58","modified_gmt":"2023-01-30T16:31:58","slug":"kunden-partner","status":"publish","type":"page","link":"https:\/\/td-schaefer.de\/en\/kunden-partner\/","title":{"rendered":"Kunden \/ Partner"},"content":{"rendered":"<div data-elementor-type=\"wp-page\" data-elementor-id=\"187\" class=\"elementor elementor-187\">\n\t\t\t\t\t\t<section class=\"elementor-section elementor-top-section elementor-element elementor-element-d9720cd elementor-reverse-mobile elementor-section-boxed elementor-section-height-default elementor-section-height-default\" data-id=\"d9720cd\" data-element_type=\"section\" data-e-type=\"section\" data-settings=\"{&quot;background_background&quot;:&quot;classic&quot;}\">\n\t\t\t\t\t\t<div class=\"elementor-container elementor-column-gap-default\">\n\t\t\t\t\t<div class=\"elementor-column elementor-col-100 elementor-top-column elementor-element elementor-element-7af4c72\" data-id=\"7af4c72\" data-element_type=\"column\" data-e-type=\"column\">\n\t\t\t<div class=\"elementor-widget-wrap elementor-element-populated\">\n\t\t\t\t\t\t<div class=\"elementor-element elementor-element-dae42fa elementor-widget elementor-widget-spacer\" data-id=\"dae42fa\" data-element_type=\"widget\" data-e-type=\"widget\" data-widget_type=\"spacer.default\">\n\t\t\t\t<div class=\"elementor-widget-container\">\n\t\t\t\t\t\t\t<div class=\"elementor-spacer\">\n\t\t\t<div class=\"elementor-spacer-inner\"><\/div>\n\t\t<\/div>\n\t\t\t\t\t\t<\/div>\n\t\t\t\t<\/div>\n\t\t\t\t\t<\/div>\n\t\t<\/div>\n\t\t\t\t\t<\/div>\n\t\t<\/section>\n\t\t\t\t<section class=\"elementor-section elementor-top-section elementor-element elementor-element-3eb7a40d elementor-section-boxed elementor-section-height-default elementor-section-height-default\" data-id=\"3eb7a40d\" data-element_type=\"section\" data-e-type=\"section\" data-settings=\"{&quot;background_background&quot;:&quot;gradient&quot;}\">\n\t\t\t\t\t\t<div class=\"elementor-container elementor-column-gap-default\">\n\t\t\t\t\t<div class=\"elementor-column elementor-col-100 elementor-top-column elementor-element elementor-element-7750dd45\" data-id=\"7750dd45\" data-element_type=\"column\" data-e-type=\"column\">\n\t\t\t<div class=\"elementor-widget-wrap elementor-element-populated\">\n\t\t\t\t\t\t<div class=\"elementor-element elementor-element-66d87ad4 elementor-widget elementor-widget-spacer\" data-id=\"66d87ad4\" data-element_type=\"widget\" data-e-type=\"widget\" data-widget_type=\"spacer.default\">\n\t\t\t\t<div class=\"elementor-widget-container\">\n\t\t\t\t\t\t\t<div class=\"elementor-spacer\">\n\t\t\t<div class=\"elementor-spacer-inner\"><\/div>\n\t\t<\/div>\n\t\t\t\t\t\t<\/div>\n\t\t\t\t<\/div>\n\t\t\t\t\t<\/div>\n\t\t<\/div>\n\t\t\t\t\t<\/div>\n\t\t<\/section>\n\t\t\t\t<section class=\"elementor-section elementor-top-section elementor-element elementor-element-bf418cf elementor-section-boxed elementor-section-height-default elementor-section-height-default\" data-id=\"bf418cf\" data-element_type=\"section\" data-e-type=\"section\" data-settings=\"{&quot;background_background&quot;:&quot;classic&quot;}\">\n\t\t\t\t\t\t<div class=\"elementor-container elementor-column-gap-default\">\n\t\t\t\t\t<div class=\"elementor-column elementor-col-100 elementor-top-column elementor-element elementor-element-95d6d2a\" data-id=\"95d6d2a\" data-element_type=\"column\" data-e-type=\"column\">\n\t\t\t<div class=\"elementor-widget-wrap elementor-element-populated\">\n\t\t\t\t\t\t<div class=\"elementor-element elementor-element-4e6a33f elementor-widget elementor-widget-heading\" data-id=\"4e6a33f\" data-element_type=\"widget\" data-e-type=\"widget\" data-widget_type=\"heading.default\">\n\t\t\t\t<div class=\"elementor-widget-container\">\n\t\t\t\t\t<h2 class=\"elementor-heading-title elementor-size-default\">Kunden \/ Partner<\/h2>\t\t\t\t<\/div>\n\t\t\t\t<\/div>\n\t\t\t\t\t<\/div>\n\t\t<\/div>\n\t\t\t\t\t<\/div>\n\t\t<\/section>\n\t\t\t\t<section class=\"elementor-section elementor-top-section elementor-element elementor-element-95839f4 elementor-section-boxed elementor-section-height-default elementor-section-height-default\" data-id=\"95839f4\" data-element_type=\"section\" data-e-type=\"section\" data-settings=\"{&quot;background_background&quot;:&quot;classic&quot;}\">\n\t\t\t\t\t\t<div class=\"elementor-container elementor-column-gap-default\">\n\t\t\t\t\t<div class=\"elementor-column elementor-col-100 elementor-top-column elementor-element elementor-element-b71f95a\" data-id=\"b71f95a\" data-element_type=\"column\" data-e-type=\"column\">\n\t\t\t<div class=\"elementor-widget-wrap elementor-element-populated\">\n\t\t\t\t\t\t<div class=\"elementor-element elementor-element-cdb35b7 elementor-widget elementor-widget-heading\" data-id=\"cdb35b7\" data-element_type=\"widget\" data-e-type=\"widget\" data-widget_type=\"heading.default\">\n\t\t\t\t<div class=\"elementor-widget-container\">\n\t\t\t\t\t<h2 class=\"elementor-heading-title elementor-size-default\">Ihnen sind noch andere Themen wichtig?\nGerne vermittle ich Ihnen verl\u00e4ssliche Partner.\n\n<\/h2>\t\t\t\t<\/div>\n\t\t\t\t<\/div>\n\t\t\t\t<div class=\"elementor-element elementor-element-00d5b2b elementor-widget elementor-widget-heading\" data-id=\"00d5b2b\" data-element_type=\"widget\" data-e-type=\"widget\" data-widget_type=\"heading.default\">\n\t\t\t\t<div class=\"elementor-widget-container\">\n\t\t\t\t\t<h2 class=\"elementor-heading-title elementor-size-default\">Diese k\u00f6nnen beitragen bei Fragen zu:<\/h2>\t\t\t\t<\/div>\n\t\t\t\t<\/div>\n\t\t\t\t<div class=\"elementor-element elementor-element-451d1b4 elementor-widget elementor-widget-text-editor\" data-id=\"451d1b4\" data-element_type=\"widget\" data-e-type=\"widget\" data-widget_type=\"text-editor.default\">\n\t\t\t\t<div class=\"elementor-widget-container\">\n\t\t\t\t\t\t\t\t\t<ul>\n<li>Dienstleistungen im \/ vom Kalibrierlabor<\/li>\n<li>Quality \u2013 Zertifizierung und Akkreditierung (auch Handbuch)<\/li>\n<li>Arbeitssicherheit<\/li>\n<li>Out- und Insourcing, M &amp; A<\/li>\n<li>Feinwerktechnik und mechanische Sonderanfertigungen, Konstruktion<\/li>\n<li>Wissenschaftliche Beratung: Dr. rer. nat. Dipl. Chem. Michael Schaefer<\/li>\n<\/ul>\t\t\t\t\t\t\t\t<\/div>\n\t\t\t\t<\/div>\n\t\t\t\t<div class=\"elementor-element elementor-element-69f1d0b elementor-widget elementor-widget-text-editor\" data-id=\"69f1d0b\" data-element_type=\"widget\" data-e-type=\"widget\" data-widget_type=\"text-editor.default\">\n\t\t\t\t<div class=\"elementor-widget-container\">\n\t\t\t\t\t\t\t\t\t<p>Der Umgang mit VS-Unterlagen und Gebrauch von Vertraulichkeits- oder Geheimhaltungsvereinbarungen sind selbstverst\u00e4ndlich. Das Verwenden von Verschl\u00fcsselungssoftware, d.h. DSGVO-konform, ist bei notwendigem Datenaustausch gew\u00e4hrleistet. Ich arbeite mit Verschl\u00fcsselungs-Software der Firma Dracoon GmbH. So sind Ihre Daten gem\u00e4\u00df BSI C5 und ISO \/ IEC 27001 gesch\u00fctzt.<\/p><p>Unser Angebot richtet sich an alle gewerblichen Kunden sowie an Beh\u00f6rden und Institute.<\/p>\t\t\t\t\t\t\t\t<\/div>\n\t\t\t\t<\/div>\n\t\t\t\t\t<\/div>\n\t\t<\/div>\n\t\t\t\t\t<\/div>\n\t\t<\/section>\n\t\t\t\t<section class=\"elementor-section elementor-top-section elementor-element elementor-element-73a52650 elementor-section-boxed elementor-section-height-default elementor-section-height-default\" data-id=\"73a52650\" data-element_type=\"section\" data-e-type=\"section\" data-settings=\"{&quot;background_background&quot;:&quot;gradient&quot;}\">\n\t\t\t\t\t\t<div class=\"elementor-container elementor-column-gap-default\">\n\t\t\t\t\t<div class=\"elementor-column elementor-col-100 elementor-top-column elementor-element elementor-element-695f3104\" data-id=\"695f3104\" data-element_type=\"column\" data-e-type=\"column\">\n\t\t\t<div class=\"elementor-widget-wrap elementor-element-populated\">\n\t\t\t\t\t\t<div class=\"elementor-element elementor-element-87169c9 elementor-widget elementor-widget-spacer\" data-id=\"87169c9\" data-element_type=\"widget\" data-e-type=\"widget\" data-widget_type=\"spacer.default\">\n\t\t\t\t<div class=\"elementor-widget-container\">\n\t\t\t\t\t\t\t<div class=\"elementor-spacer\">\n\t\t\t<div class=\"elementor-spacer-inner\"><\/div>\n\t\t<\/div>\n\t\t\t\t\t\t<\/div>\n\t\t\t\t<\/div>\n\t\t\t\t\t<\/div>\n\t\t<\/div>\n\t\t\t\t\t<\/div>\n\t\t<\/section>\n\t\t\t\t<section class=\"elementor-section elementor-top-section elementor-element elementor-element-1861cfe2 elementor-section-content-middle elementor-section-boxed elementor-section-height-default elementor-section-height-default\" data-id=\"1861cfe2\" data-element_type=\"section\" data-e-type=\"section\" data-settings=\"{&quot;background_background&quot;:&quot;classic&quot;}\">\n\t\t\t\t\t\t\t<div class=\"elementor-background-overlay\"><\/div>\n\t\t\t\t\t\t\t<div class=\"elementor-container elementor-column-gap-extended\">\n\t\t\t\t\t<div class=\"elementor-column elementor-col-50 elementor-top-column elementor-element elementor-element-441b6fc1\" data-id=\"441b6fc1\" data-element_type=\"column\" data-e-type=\"column\">\n\t\t\t<div class=\"elementor-widget-wrap elementor-element-populated\">\n\t\t\t\t\t\t<div class=\"elementor-element elementor-element-1acb7394 elementor-invisible elementor-widget elementor-widget-heading\" data-id=\"1acb7394\" data-element_type=\"widget\" data-e-type=\"widget\" data-settings=\"{&quot;_animation&quot;:&quot;fadeIn&quot;}\" data-widget_type=\"heading.default\">\n\t\t\t\t<div class=\"elementor-widget-container\">\n\t\t\t\t\t<h1 class=\"elementor-heading-title elementor-size-xl\">Informationen<\/h1>\t\t\t\t<\/div>\n\t\t\t\t<\/div>\n\t\t\t\t<div class=\"elementor-element elementor-element-4a465c34 elementor-widget-divider--view-line elementor-invisible elementor-widget elementor-widget-divider\" data-id=\"4a465c34\" data-element_type=\"widget\" data-e-type=\"widget\" data-settings=\"{&quot;_animation&quot;:&quot;fadeInUp&quot;}\" data-widget_type=\"divider.default\">\n\t\t\t\t<div class=\"elementor-widget-container\">\n\t\t\t\t\t\t\t<div class=\"elementor-divider\">\n\t\t\t<span class=\"elementor-divider-separator\">\n\t\t\t\t\t\t<\/span>\n\t\t<\/div>\n\t\t\t\t\t\t<\/div>\n\t\t\t\t<\/div>\n\t\t\t\t<div class=\"elementor-element elementor-element-5e33c3da elementor-widget elementor-widget-text-editor\" data-id=\"5e33c3da\" data-element_type=\"widget\" data-e-type=\"widget\" data-widget_type=\"text-editor.default\">\n\t\t\t\t<div class=\"elementor-widget-container\">\n\t\t\t\t\t\t\t\t\t<p><strong>Technischer Dienst &#8211; Schaefer<\/strong><br \/>Adolf-Piening-Stra\u00dfe 14<br \/>24619 Bornh\u00f6ved<\/p>\t\t\t\t\t\t\t\t<\/div>\n\t\t\t\t<\/div>\n\t\t\t\t<div class=\"elementor-element elementor-element-76c876 elementor-widget elementor-widget-text-editor\" data-id=\"76c876\" data-element_type=\"widget\" data-e-type=\"widget\" data-widget_type=\"text-editor.default\">\n\t\t\t\t<div class=\"elementor-widget-container\">\n\t\t\t\t\t\t\t\t\t<p>Tel.: 04323 804618; 03996 1493017<br \/>Fax.: 04323 804618<br \/>Mobil: <span style=\"color: #ffffff;\"><a style=\"color: #ffffff;\" href=\"tel:+491631327596\">+49 163 132 75 96<\/a><\/span><br \/>E-Mail: info<span style=\"color: #ffffff;\"><a style=\"color: #ffffff;\" href=\"mailto:info@td-schaefer.de\">@td-schaefer.de<\/a><\/span><\/p>\t\t\t\t\t\t\t\t<\/div>\n\t\t\t\t<\/div>\n\t\t\t\t\t<\/div>\n\t\t<\/div>\n\t\t\t\t<div class=\"elementor-column elementor-col-50 elementor-top-column elementor-element elementor-element-636fdea8\" data-id=\"636fdea8\" data-element_type=\"column\" data-e-type=\"column\">\n\t\t\t<div class=\"elementor-widget-wrap elementor-element-populated\">\n\t\t\t\t\t\t<div class=\"elementor-element elementor-element-83f6f17 elementor-invisible elementor-widget elementor-widget-heading\" data-id=\"83f6f17\" data-element_type=\"widget\" data-e-type=\"widget\" data-settings=\"{&quot;_animation&quot;:&quot;fadeIn&quot;}\" data-widget_type=\"heading.default\">\n\t\t\t\t<div class=\"elementor-widget-container\">\n\t\t\t\t\t<h5 class=\"elementor-heading-title elementor-size-medium\">Qualifizierte Beratung - intelligente L\u00f6sungen - individuelle Betreuung<\/h5>\t\t\t\t<\/div>\n\t\t\t\t<\/div>\n\t\t\t\t<div class=\"elementor-element elementor-element-5867353c elementor-widget-divider--view-line elementor-invisible elementor-widget elementor-widget-divider\" data-id=\"5867353c\" data-element_type=\"widget\" data-e-type=\"widget\" data-settings=\"{&quot;_animation&quot;:&quot;fadeInUp&quot;}\" data-widget_type=\"divider.default\">\n\t\t\t\t<div class=\"elementor-widget-container\">\n\t\t\t\t\t\t\t<div class=\"elementor-divider\">\n\t\t\t<span class=\"elementor-divider-separator\">\n\t\t\t\t\t\t<\/span>\n\t\t<\/div>\n\t\t\t\t\t\t<\/div>\n\t\t\t\t<\/div>\n\t\t\t\t<div class=\"elementor-element elementor-element-40e50240 elementor-widget elementor-widget-image\" data-id=\"40e50240\" data-element_type=\"widget\" data-e-type=\"widget\" data-widget_type=\"image.default\">\n\t\t\t\t<div class=\"elementor-widget-container\">\n\t\t\t\t\t\t\t\t\t\t\t\t\t\t\t<img decoding=\"async\" width=\"150\" height=\"150\" src=\"https:\/\/td-schaefer.de\/wp-content\/uploads\/2021\/02\/Logo_TDS_Weoss-150x150.png\" class=\"attachment-thumbnail size-thumbnail wp-image-704\" alt=\"\" srcset=\"https:\/\/td-schaefer.de\/wp-content\/uploads\/2021\/02\/Logo_TDS_Weoss-150x150.png 150w, https:\/\/td-schaefer.de\/wp-content\/uploads\/2021\/02\/Logo_TDS_Weoss-12x12.png 12w\" sizes=\"(max-width: 150px) 100vw, 150px\" \/>\t\t\t\t\t\t\t\t\t\t\t\t\t\t\t<\/div>\n\t\t\t\t<\/div>\n\t\t\t\t\t<\/div>\n\t\t<\/div>\n\t\t\t\t\t<\/div>\n\t\t<\/section>\n\t\t\t\t<\/div>","protected":false},"excerpt":{"rendered":"<p>Kunden \/ Partner Ihnen sind noch andere Themen wichtig? Gerne vermittle ich Ihnen verl\u00e4ssliche Partner. Diese k\u00f6nnen beitragen bei Fragen zu: Dienstleistungen im \/ vom Kalibrierlabor Quality \u2013 Zertifizierung und Akkreditierung (auch Handbuch) Arbeitssicherheit Out- und Insourcing, M &amp; A Feinwerktechnik und mechanische Sonderanfertigungen, Konstruktion Wissenschaftliche Beratung: Dr. rer. nat. Dipl. Chem. Michael Schaefer Der [&hellip;]<\/p>\n","protected":false},"author":2,"featured_media":0,"parent":0,"menu_order":0,"comment_status":"closed","ping_status":"closed","template":"","meta":{"site-sidebar-layout":"no-sidebar","site-content-layout":"page-builder","ast-site-content-layout":"default","site-content-style":"default","site-sidebar-style":"default","ast-global-header-display":"","ast-banner-title-visibility":"","ast-main-header-display":"","ast-hfb-above-header-display":"","ast-hfb-below-header-display":"","ast-hfb-mobile-header-display":"","site-post-title":"disabled","ast-breadcrumbs-content":"","ast-featured-img":"disabled","footer-sml-layout":"","ast-disable-related-posts":"","theme-transparent-header-meta":"default","adv-header-id-meta":"","stick-header-meta":"","header-above-stick-meta":"","header-main-stick-meta":"","header-below-stick-meta":"","astra-migrate-meta-layouts":"default","ast-page-background-enabled":"default","ast-page-background-meta":{"desktop":{"background-color":"","background-image":"","background-repeat":"repeat","background-position":"center center","background-size":"auto","background-attachment":"scroll","background-type":"","background-media":"","overlay-type":"","overlay-color":"","overlay-opacity":"","overlay-gradient":""},"tablet":{"background-color":"","background-image":"","background-repeat":"repeat","background-position":"center center","background-size":"auto","background-attachment":"scroll","background-type":"","background-media":"","overlay-type":"","overlay-color":"","overlay-opacity":"","overlay-gradient":""},"mobile":{"background-color":"","background-image":"","background-repeat":"repeat","background-position":"center center","background-size":"auto","background-attachment":"scroll","background-type":"","background-media":"","overlay-type":"","overlay-color":"","overlay-opacity":"","overlay-gradient":""}},"ast-content-background-meta":{"desktop":{"background-color":"var(--ast-global-color-5)","background-image":"","background-repeat":"repeat","background-position":"center center","background-size":"auto","background-attachment":"scroll","background-type":"","background-media":"","overlay-type":"","overlay-color":"","overlay-opacity":"","overlay-gradient":""},"tablet":{"background-color":"var(--ast-global-color-5)","background-image":"","background-repeat":"repeat","background-position":"center center","background-size":"auto","background-attachment":"scroll","background-type":"","background-media":"","overlay-type":"","overlay-color":"","overlay-opacity":"","overlay-gradient":""},"mobile":{"background-color":"var(--ast-global-color-5)","background-image":"","background-repeat":"repeat","background-position":"center center","background-size":"auto","background-attachment":"scroll","background-type":"","background-media":"","overlay-type":"","overlay-color":"","overlay-opacity":"","overlay-gradient":""}},"footnotes":""},"class_list":["post-187","page","type-page","status-publish","hentry"],"yoast_head":"<!-- This site is optimized with the Yoast SEO plugin v26.9 - https:\/\/yoast.com\/product\/yoast-seo-wordpress\/ -->\n<title>Kunden \/ Partner - Technischer Dienst \u2013 Schaefer<\/title>\n<meta name=\"robots\" content=\"index, follow, max-snippet:-1, max-image-preview:large, max-video-preview:-1\" \/>\n<link rel=\"canonical\" href=\"https:\/\/td-schaefer.de\/en\/kunden-partner\/\" \/>\n<meta property=\"og:locale\" content=\"en_GB\" \/>\n<meta property=\"og:type\" content=\"article\" \/>\n<meta property=\"og:title\" content=\"Kunden \/ Partner - Technischer Dienst \u2013 Schaefer\" \/>\n<meta property=\"og:description\" content=\"Kunden \/ Partner Ihnen sind noch andere Themen wichtig? Gerne vermittle ich Ihnen verl\u00e4ssliche Partner. Diese k\u00f6nnen beitragen bei Fragen zu: Dienstleistungen im \/ vom Kalibrierlabor Quality \u2013 Zertifizierung und Akkreditierung (auch Handbuch) Arbeitssicherheit Out- und Insourcing, M &amp; A Feinwerktechnik und mechanische Sonderanfertigungen, Konstruktion Wissenschaftliche Beratung: Dr. rer. nat. Dipl. Chem. Michael Schaefer Der [&hellip;]\" \/>\n<meta property=\"og:url\" content=\"https:\/\/td-schaefer.de\/en\/kunden-partner\/\" \/>\n<meta property=\"og:site_name\" content=\"Technischer Dienst \u2013 Schaefer\" \/>\n<meta property=\"article:modified_time\" content=\"2023-01-30T16:31:58+00:00\" \/>\n<meta property=\"og:image\" content=\"https:\/\/td-schaefer.de\/wp-content\/uploads\/2021\/02\/Logo_TDS_Weoss-150x150.png\" \/>\n<meta name=\"twitter:card\" content=\"summary_large_image\" \/>\n<meta name=\"twitter:label1\" content=\"Estimated reading time\" \/>\n\t<meta name=\"twitter:data1\" content=\"1 minute\" \/>\n<script type=\"application\/ld+json\" class=\"yoast-schema-graph\">{\"@context\":\"https:\/\/schema.org\",\"@graph\":[{\"@type\":\"WebPage\",\"@id\":\"https:\/\/td-schaefer.de\/kunden-partner\/\",\"url\":\"https:\/\/td-schaefer.de\/kunden-partner\/\",\"name\":\"Kunden \/ Partner - Technischer Dienst \u2013 Schaefer\",\"isPartOf\":{\"@id\":\"https:\/\/td-schaefer.de\/#website\"},\"primaryImageOfPage\":{\"@id\":\"https:\/\/td-schaefer.de\/kunden-partner\/#primaryimage\"},\"image\":{\"@id\":\"https:\/\/td-schaefer.de\/kunden-partner\/#primaryimage\"},\"thumbnailUrl\":\"https:\/\/td-schaefer.de\/wp-content\/uploads\/2021\/02\/Logo_TDS_Weoss-150x150.png\",\"datePublished\":\"2021-01-20T13:10:59+00:00\",\"dateModified\":\"2023-01-30T16:31:58+00:00\",\"breadcrumb\":{\"@id\":\"https:\/\/td-schaefer.de\/kunden-partner\/#breadcrumb\"},\"inLanguage\":\"en-GB\",\"potentialAction\":[{\"@type\":\"ReadAction\",\"target\":[\"https:\/\/td-schaefer.de\/kunden-partner\/\"]}]},{\"@type\":\"ImageObject\",\"inLanguage\":\"en-GB\",\"@id\":\"https:\/\/td-schaefer.de\/kunden-partner\/#primaryimage\",\"url\":\"https:\/\/td-schaefer.de\/wp-content\/uploads\/2021\/02\/Logo_TDS_Weoss-150x150.png\",\"contentUrl\":\"https:\/\/td-schaefer.de\/wp-content\/uploads\/2021\/02\/Logo_TDS_Weoss-150x150.png\"},{\"@type\":\"BreadcrumbList\",\"@id\":\"https:\/\/td-schaefer.de\/kunden-partner\/#breadcrumb\",\"itemListElement\":[{\"@type\":\"ListItem\",\"position\":1,\"name\":\"Startseite\",\"item\":\"https:\/\/td-schaefer.de\/\"},{\"@type\":\"ListItem\",\"position\":2,\"name\":\"Kunden \/ Partner\"}]},{\"@type\":\"WebSite\",\"@id\":\"https:\/\/td-schaefer.de\/#website\",\"url\":\"https:\/\/td-schaefer.de\/\",\"name\":\"Technischer Dienst \u2013 Schaefer\",\"description\":\"\",\"publisher\":{\"@id\":\"https:\/\/td-schaefer.de\/#organization\"},\"potentialAction\":[{\"@type\":\"SearchAction\",\"target\":{\"@type\":\"EntryPoint\",\"urlTemplate\":\"https:\/\/td-schaefer.de\/?s={search_term_string}\"},\"query-input\":{\"@type\":\"PropertyValueSpecification\",\"valueRequired\":true,\"valueName\":\"search_term_string\"}}],\"inLanguage\":\"en-GB\"},{\"@type\":\"Organization\",\"@id\":\"https:\/\/td-schaefer.de\/#organization\",\"name\":\"Technischer Dienst \u2013 Schaefer\",\"url\":\"https:\/\/td-schaefer.de\/\",\"logo\":{\"@type\":\"ImageObject\",\"inLanguage\":\"en-GB\",\"@id\":\"https:\/\/td-schaefer.de\/#\/schema\/logo\/image\/\",\"url\":\"https:\/\/td-schaefer.de\/wp-content\/uploads\/2021\/02\/Logo_TDS_RGB.png\",\"contentUrl\":\"https:\/\/td-schaefer.de\/wp-content\/uploads\/2021\/02\/Logo_TDS_RGB.png\",\"width\":1935,\"height\":1986,\"caption\":\"Technischer Dienst \u2013 Schaefer\"},\"image\":{\"@id\":\"https:\/\/td-schaefer.de\/#\/schema\/logo\/image\/\"}}]}<\/script>\n<!-- \/ Yoast SEO plugin. -->","yoast_head_json":{"title":"Kunden \/ Partner - Technischer Dienst \u2013 Schaefer","robots":{"index":"index","follow":"follow","max-snippet":"max-snippet:-1","max-image-preview":"max-image-preview:large","max-video-preview":"max-video-preview:-1"},"canonical":"https:\/\/td-schaefer.de\/en\/kunden-partner\/","og_locale":"en_GB","og_type":"article","og_title":"Kunden \/ Partner - Technischer Dienst \u2013 Schaefer","og_description":"Kunden \/ Partner Ihnen sind noch andere Themen wichtig? Gerne vermittle ich Ihnen verl\u00e4ssliche Partner. Diese k\u00f6nnen beitragen bei Fragen zu: Dienstleistungen im \/ vom Kalibrierlabor Quality \u2013 Zertifizierung und Akkreditierung (auch Handbuch) Arbeitssicherheit Out- und Insourcing, M &amp; A Feinwerktechnik und mechanische Sonderanfertigungen, Konstruktion Wissenschaftliche Beratung: Dr. rer. nat. Dipl. Chem. Michael Schaefer Der [&hellip;]","og_url":"https:\/\/td-schaefer.de\/en\/kunden-partner\/","og_site_name":"Technischer Dienst \u2013 Schaefer","article_modified_time":"2023-01-30T16:31:58+00:00","og_image":[{"url":"https:\/\/td-schaefer.de\/wp-content\/uploads\/2021\/02\/Logo_TDS_Weoss-150x150.png","type":"","width":"","height":""}],"twitter_card":"summary_large_image","twitter_misc":{"Estimated reading time":"1 minute"},"schema":{"@context":"https:\/\/schema.org","@graph":[{"@type":"WebPage","@id":"https:\/\/td-schaefer.de\/kunden-partner\/","url":"https:\/\/td-schaefer.de\/kunden-partner\/","name":"Kunden \/ Partner - Technischer Dienst \u2013 Schaefer","isPartOf":{"@id":"https:\/\/td-schaefer.de\/#website"},"primaryImageOfPage":{"@id":"https:\/\/td-schaefer.de\/kunden-partner\/#primaryimage"},"image":{"@id":"https:\/\/td-schaefer.de\/kunden-partner\/#primaryimage"},"thumbnailUrl":"https:\/\/td-schaefer.de\/wp-content\/uploads\/2021\/02\/Logo_TDS_Weoss-150x150.png","datePublished":"2021-01-20T13:10:59+00:00","dateModified":"2023-01-30T16:31:58+00:00","breadcrumb":{"@id":"https:\/\/td-schaefer.de\/kunden-partner\/#breadcrumb"},"inLanguage":"en-GB","potentialAction":[{"@type":"ReadAction","target":["https:\/\/td-schaefer.de\/kunden-partner\/"]}]},{"@type":"ImageObject","inLanguage":"en-GB","@id":"https:\/\/td-schaefer.de\/kunden-partner\/#primaryimage","url":"https:\/\/td-schaefer.de\/wp-content\/uploads\/2021\/02\/Logo_TDS_Weoss-150x150.png","contentUrl":"https:\/\/td-schaefer.de\/wp-content\/uploads\/2021\/02\/Logo_TDS_Weoss-150x150.png"},{"@type":"BreadcrumbList","@id":"https:\/\/td-schaefer.de\/kunden-partner\/#breadcrumb","itemListElement":[{"@type":"ListItem","position":1,"name":"Startseite","item":"https:\/\/td-schaefer.de\/"},{"@type":"ListItem","position":2,"name":"Kunden \/ Partner"}]},{"@type":"WebSite","@id":"https:\/\/td-schaefer.de\/#website","url":"https:\/\/td-schaefer.de\/","name":"Technischer Dienst \u2013 Schaefer","description":"","publisher":{"@id":"https:\/\/td-schaefer.de\/#organization"},"potentialAction":[{"@type":"SearchAction","target":{"@type":"EntryPoint","urlTemplate":"https:\/\/td-schaefer.de\/?s={search_term_string}"},"query-input":{"@type":"PropertyValueSpecification","valueRequired":true,"valueName":"search_term_string"}}],"inLanguage":"en-GB"},{"@type":"Organization","@id":"https:\/\/td-schaefer.de\/#organization","name":"Technischer Dienst \u2013 Schaefer","url":"https:\/\/td-schaefer.de\/","logo":{"@type":"ImageObject","inLanguage":"en-GB","@id":"https:\/\/td-schaefer.de\/#\/schema\/logo\/image\/","url":"https:\/\/td-schaefer.de\/wp-content\/uploads\/2021\/02\/Logo_TDS_RGB.png","contentUrl":"https:\/\/td-schaefer.de\/wp-content\/uploads\/2021\/02\/Logo_TDS_RGB.png","width":1935,"height":1986,"caption":"Technischer Dienst \u2013 Schaefer"},"image":{"@id":"https:\/\/td-schaefer.de\/#\/schema\/logo\/image\/"}}]}},"_links":{"self":[{"href":"https:\/\/td-schaefer.de\/en\/wp-json\/wp\/v2\/pages\/187","targetHints":{"allow":["GET"]}}],"collection":[{"href":"https:\/\/td-schaefer.de\/en\/wp-json\/wp\/v2\/pages"}],"about":[{"href":"https:\/\/td-schaefer.de\/en\/wp-json\/wp\/v2\/types\/page"}],"author":[{"embeddable":true,"href":"https:\/\/td-schaefer.de\/en\/wp-json\/wp\/v2\/users\/2"}],"replies":[{"embeddable":true,"href":"https:\/\/td-schaefer.de\/en\/wp-json\/wp\/v2\/comments?post=187"}],"version-history":[{"count":124,"href":"https:\/\/td-schaefer.de\/en\/wp-json\/wp\/v2\/pages\/187\/revisions"}],"predecessor-version":[{"id":1358,"href":"https:\/\/td-schaefer.de\/en\/wp-json\/wp\/v2\/pages\/187\/revisions\/1358"}],"wp:attachment":[{"href":"https:\/\/td-schaefer.de\/en\/wp-json\/wp\/v2\/media?parent=187"}],"curies":[{"name":"wp","href":"https:\/\/api.w.org\/{rel}","templated":true}]}}